
{"id":4,"date":"2016-05-03T14:31:59","date_gmt":"2016-05-03T14:31:59","guid":{"rendered":"http:\/\/localhost\/copias\/?page_id=4"},"modified":"2016-09-16T17:06:59","modified_gmt":"2016-09-16T17:06:59","slug":"inicio","status":"publish","type":"page","link":"https:\/\/copiasinmediatas.com.ar\/","title":{"rendered":"Inicio"},"content":{"rendered":"[vc_row full_width=\u00bbstretch_row_content_no_spaces\u00bb][vc_column][rev_slider_vc alias=\u00bbinicio\u00bb][\/vc_column][\/vc_row][vc_row][vc_column][vc_empty_space height=\u00bb50px\u00bb][vc_custom_heading text=\u00bbCopias Inmediatas es una empresa de reproducci\u00f3n gr\u00e1fica con m\u00e1s de 35 a\u00f1os en el mercado.<\/p>\n<p>Clientes corporativos y particulares conf\u00edan en nuestro trabajo y en el compromiso que asumimos ante cada solicitud.<\/p>\n<p>Conozca nuestros servicios\u00bb font_container=\u00bbtag:h3|text_align:center|color:%23444444&#8243; google_fonts=\u00bbfont_family:Roboto%3A100%2C100italic%2C300%2C300italic%2Cregular%2Citalic%2C500%2C500italic%2C700%2C700italic%2C900%2C900italic|font_style:400%20regular%3A400%3Anormal\u00bb link=\u00bburl:%23servicios||\u00bb][vc_empty_space height=\u00bb50px\u00bb][\/vc_column][\/vc_row][vc_row full_width=\u00bbstretch_row_content_no_spaces\u00bb parallax=\u00bbcontent-moving\u00bb parallax_image=\u00bb2740&#8243; parallax_speed_bg=\u00bb5&#8243;][vc_column width=\u00bb1\/6&#8243;][\/vc_column][vc_column width=\u00bb2\/3&#8243;][vc_empty_space height=\u00bb25px\u00bb][vc_column_text css_animation=\u00bbleft-to-right\u00bb]\n<h1 id=\"quienes-somos\" style=\"text-align: center; color: black;\">Qui\u00e9nes somos<\/h1>\n[\/vc_column_text][vc_empty_space height=\u00bb25px\u00bb][vc_custom_heading text=\u00bbSomos una empresa de reproducci\u00f3n gr\u00e1fica argentina que lleva m\u00e1s de 35 a\u00f1os atendiendo clientes corporativos y particulares.<\/p>\n<p>Nuestra filosof\u00eda de trabajo es simple y efectiva: realizar el mejor servicio al menor costo de mercado y en el tiempo y forma convenidos. Lo logramos gracias a un equipo de profesionales que opera tecnolog\u00eda de \u00faltima generaci\u00f3n y que toma cada trabajo como un nuevo desaf\u00edo.\u00bb font_container=\u00bbtag:h4|text_align:center|color:%23444444&#8243; google_fonts=\u00bbfont_family:Roboto%3A100%2C100italic%2C300%2C300italic%2Cregular%2Citalic%2C500%2C500italic%2C700%2C700italic%2C900%2C900italic|font_style:400%20regular%3A400%3Anormal\u00bb][vc_empty_space height=\u00bb50px\u00bb][\/vc_column][vc_column width=\u00bb1\/6&#8243;][\/vc_column][\/vc_row][vc_row parallax=\u00bbcontent-moving\u00bb parallax_speed_bg=\u00bb5&#8243;][vc_column][vc_empty_space height=\u00bb25px\u00bb][vc_column_text css_animation=\u00bbleft-to-right\u00bb]\n<h1 id=\"diferenciales\" style=\"text-align: center; color: black;\">Diferenciales<\/h1>\n[\/vc_column_text][vc_empty_space height=\u00bb75px\u00bb][\/vc_column][\/vc_row][vc_row full_width=\u00bbstretch_row_content_no_spaces\u00bb][vc_column width=\u00bb1\/3&#8243; css=\u00bb.vc_custom_1466088577349{background-image: url(https:\/\/copiasinmediatas.com.ar\/sitionuevo\/wp-content\/uploads\/2016\/06\/Plastificados.png?id=2728) !important;background-position: center !important;background-repeat: no-repeat !important;background-size: cover !important;}\u00bb][vc_icon icon_fontawesome=\u00bbfa fa-star\u00bb color=\u00bborange\u00bb background_style=\u00bbrounded\u00bb size=\u00bblg\u00bb align=\u00bbcenter\u00bb css_animation=\u00bbright-to-left\u00bb css=\u00bb.vc_custom_1465485788906{background-position: 0 0 !important;background-repeat: repeat !important;}\u00bb][vc_column_text css_animation=\u00bbbottom-to-top\u00bb css=\u00bb.vc_custom_1465491070253{background-color: rgba(0,0,0,0.75) !important;*background-color: rgb(0,0,0) !important;}\u00bb]\n<h2 class=\"text-title\" style=\"text-align: center; color: white;\">Calidad<\/h2>\n[\/vc_column_text][vc_column_text css_animation=\u00bbbottom-to-top\u00bb css=\u00bb.vc_custom_1465491061494{background-color: rgba(0,0,0,0.75) !important;*background-color: rgb(0,0,0) !important;}\u00bb]\n<p style=\"text-align: center; color: white;\">Equipos de \u00faltima generaci\u00f3n operados por personal especializado con vasta experiencia, nos permite brindar un servicio de excelente calidad y resolver requerimientos de alto grado de complejidad.<\/p>\n[\/vc_column_text][\/vc_column][vc_column width=\u00bb1\/3&#8243; css=\u00bb.vc_custom_1466088597830{background-image: url(https:\/\/copiasinmediatas.com.ar\/sitionuevo\/wp-content\/uploads\/2016\/06\/Tarjetas-personales-4.jpg?id=2735) !important;background-position: center !important;background-repeat: no-repeat !important;background-size: cover !important;}\u00bb][vc_icon icon_fontawesome=\u00bbfa fa-users\u00bb color=\u00bbturquoise\u00bb background_style=\u00bbrounded\u00bb size=\u00bblg\u00bb align=\u00bbcenter\u00bb css_animation=\u00bbright-to-left\u00bb][vc_column_text css_animation=\u00bbbottom-to-top\u00bb css=\u00bb.vc_custom_1465491087577{background-color: rgba(0,0,0,0.75) !important;*background-color: rgb(0,0,0) !important;}\u00bb]\n<h2 class=\"text-title\" style=\"text-align: center; color: white;\">Atenci\u00f3n Personalizada<\/h2>\n[\/vc_column_text][vc_column_text css_animation=\u00bbbottom-to-top\u00bb css=\u00bb.vc_custom_1465491078643{background-color: rgba(0,0,0,0.75) !important;*background-color: rgb(0,0,0) !important;}\u00bb]\n<p style=\"text-align: center; color: white;\">Asignamos una persona para cada proyecto quien se encarga de seguir y controlar todos los procesos internos. Esto nos permite dar una respuesta r\u00e1pida y confiable en cada uno de los trabajos.<\/p>\n[\/vc_column_text][\/vc_column][vc_column width=\u00bb1\/3&#8243; css=\u00bb.vc_custom_1466089331382{background-image: url(https:\/\/copiasinmediatas.com.ar\/sitionuevo\/wp-content\/uploads\/2016\/06\/Copias-e-impresiones.png?id=2736) !important;background-position: center !important;background-repeat: no-repeat !important;background-size: cover !important;}\u00bb][vc_icon icon_fontawesome=\u00bbfa fa-area-chart\u00bb color=\u00bbjuicy_pink\u00bb background_style=\u00bbrounded\u00bb size=\u00bblg\u00bb align=\u00bbcenter\u00bb css_animation=\u00bbright-to-left\u00bb][vc_column_text css_animation=\u00bbbottom-to-top\u00bb css=\u00bb.vc_custom_1465491095669{background-color: rgba(0,0,0,0.75) !important;*background-color: rgb(0,0,0) !important;}\u00bb]\n<h2 class=\"text-title\" style=\"text-align: center; color: white;\">Profesionalismo<\/h2>\n[\/vc_column_text][vc_column_text css_animation=\u00bbbottom-to-top\u00bb css=\u00bb.vc_custom_1465491105119{background-color: rgba(0,0,0,0.75) !important;*background-color: rgb(0,0,0) !important;}\u00bb]\n<p style=\"text-align: center; color: white;\">Entendemos que formamos parte de un proceso de trabajo. Quienes conf\u00edan en nosotros su documentaci\u00f3n confidencial, s\u00f3lo aceptan que cuidemos de ella como ellos mismos lo hacen.<\/p>\n[\/vc_column_text][\/vc_column][\/vc_row][vc_row full_width=\u00bbstretch_row_content_no_spaces\u00bb parallax=\u00bbcontent-moving\u00bb parallax_image=\u00bb2659&#8243; parallax_speed_bg=\u00bb5&#8243;][vc_column][vc_empty_space height=\u00bb25px\u00bb][vc_column_text css_animation=\u00bbleft-to-right\u00bb]\n<h1 id=\"servicios\" style=\"text-align: center; color: black;\">Servicios<\/h1>\n[\/vc_column_text][vc_empty_space height=\u00bb25px\u00bb][vc_column_text css_animation=\u00bbappear\u00bb]\n<h4 style=\"text-align: center; color: black;\">Si usted es cliente puede acceder a una cuenta corriente y servicio de delivery.<\/h4>\n<h4 style=\"text-align: center; color: black;\">Al formar parte de nuestra cartera de clientes podr\u00e1 acceder a beneficios exclusivos.<\/h4>\n[\/vc_column_text][vc_empty_space height=\u00bb75px\u00bb][\/vc_column][\/vc_row][vc_row full_width=\u00bbstretch_row_content_no_spaces\u00bb][vc_column width=\u00bb1\/3&#8243; css=\u00bb.vc_custom_1465487435898{background-color: #0077b5 !important;}\u00bb][vc_column_text css_animation=\u00bbright-to-left\u00bb]\n<h4 style=\"text-align: center; color: white;\">Fotocopias e impresiones<\/h4>\n[\/vc_column_text][vc_column_text css_animation=\u00bbright-to-left\u00bb]\n<p style=\"text-align: center; color: white;\">Contamos con la planta operativa de impresi\u00f3n en alta definici\u00f3n, optimizada para obtener los&#8230;<\/p>\n[\/vc_column_text][vc_btn title=\u00bbConocer m\u00e1s\u00bb style=\u00bboutline\u00bb shape=\u00bbsquare\u00bb color=\u00bbwhite\u00bb align=\u00bbcenter\u00bb i_align=\u00bbright\u00bb i_type=\u00bblinecons\u00bb i_icon_linecons=\u00bbvc_li vc_li-search\u00bb css_animation=\u00bbappear\u00bb add_icon=\u00bbtrue\u00bb link=\u00bburl:http%3A%2F%2Fcopiasinmediatas.com.ar%2Ffotocopias-e-impresiones%2F||\u00bb][vc_empty_space height=\u00bb10px\u00bb][\/vc_column][vc_column width=\u00bb1\/3&#8243; css=\u00bb.vc_custom_1465487425899{background-color: #55acee !important;}\u00bb][vc_column_text css_animation=\u00bbright-to-left\u00bb]\n<h4 style=\"text-align: center; color: white;\">Ploteo de planos<\/h4>\n[\/vc_column_text][vc_column_text css_animation=\u00bbright-to-left\u00bb]\n<p style=\"text-align: center; color: white;\">Realizamos impresi\u00f3n y copias de planos. Para la impresi\u00f3n necesitamos tener la informaci\u00f3n&#8230;<\/p>\n[\/vc_column_text][vc_btn title=\u00bbConocer m\u00e1s\u00bb style=\u00bboutline\u00bb shape=\u00bbsquare\u00bb color=\u00bbwhite\u00bb align=\u00bbcenter\u00bb i_align=\u00bbright\u00bb i_type=\u00bblinecons\u00bb i_icon_linecons=\u00bbvc_li vc_li-search\u00bb css_animation=\u00bbappear\u00bb add_icon=\u00bbtrue\u00bb link=\u00bburl:http%3A%2F%2Fcopiasinmediatas.com.ar%2Fploteo-de-planos%2F||\u00bb][vc_empty_space height=\u00bb10px\u00bb][\/vc_column][vc_column width=\u00bb1\/3&#8243; css=\u00bb.vc_custom_1465487448646{background-color: #34465d !important;}\u00bb][vc_column_text css_animation=\u00bbright-to-left\u00bb]\n<h4 style=\"text-align: center; color: white;\">Plotter de corte<\/h4>\n[\/vc_column_text][vc_column_text css_animation=\u00bbright-to-left\u00bb]\n<p style=\"text-align: center; color: white;\">Te ayudamos a eliminar las muchas horas de trabajo que se emplean cortando con&#8230;<\/p>\n[\/vc_column_text][vc_btn title=\u00bbConocer m\u00e1s\u00bb style=\u00bboutline\u00bb shape=\u00bbsquare\u00bb color=\u00bbwhite\u00bb align=\u00bbcenter\u00bb i_align=\u00bbright\u00bb i_type=\u00bblinecons\u00bb i_icon_linecons=\u00bbvc_li vc_li-search\u00bb css_animation=\u00bbappear\u00bb add_icon=\u00bbtrue\u00bb link=\u00bburl:http%3A%2F%2Fcopiasinmediatas.com.ar%2Fplotter-de-corte%2F||\u00bb][vc_empty_space height=\u00bb10px\u00bb][\/vc_column][\/vc_row][vc_row full_width=\u00bbstretch_row_content_no_spaces\u00bb][vc_column width=\u00bb1\/3&#8243; css=\u00bb.vc_custom_1465490540161{background-color: #bd081c !important;}\u00bb][vc_column_text css_animation=\u00bbright-to-left\u00bb]\n<h4 style=\"text-align: center; color: white;\">Copiado y r\u00fabrica de libros contables<\/h4>\n[\/vc_column_text][vc_column_text css_animation=\u00bbright-to-left\u00bb]\n<p style=\"text-align: center; color: white;\">Nos especializamos en la gesti\u00f3n de r\u00fabricas de libros&#8230;<\/p>\n[\/vc_column_text][vc_btn title=\u00bbConocer m\u00e1s\u00bb style=\u00bboutline\u00bb shape=\u00bbsquare\u00bb color=\u00bbwhite\u00bb align=\u00bbcenter\u00bb i_align=\u00bbright\u00bb i_type=\u00bblinecons\u00bb i_icon_linecons=\u00bbvc_li vc_li-search\u00bb css_animation=\u00bbappear\u00bb add_icon=\u00bbtrue\u00bb link=\u00bburl:http%3A%2F%2Fcopiasinmediatas.com.ar%2Fcopiado-y-rubrica-de-libros-contables%2F||\u00bb][vc_empty_space height=\u00bb10px\u00bb][\/vc_column][vc_column width=\u00bb1\/3&#8243; css=\u00bb.vc_custom_1465491226920{background-color: #cd201f !important;}\u00bb][vc_column_text css_animation=\u00bbright-to-left\u00bb]\n<h4 style=\"text-align: center; color: white;\">Gigantograf\u00eda\/Banners<\/h4>\n[\/vc_column_text][vc_column_text css_animation=\u00bbright-to-left\u00bb]\n<p style=\"text-align: center; color: white;\">Imprim\u00ed tus im\u00e1genes de gran formato en m\u00e1xima calidad y de&#8230;<\/p>\n[\/vc_column_text][vc_btn title=\u00bbConocer m\u00e1s\u00bb style=\u00bboutline\u00bb shape=\u00bbsquare\u00bb color=\u00bbwhite\u00bb align=\u00bbcenter\u00bb i_align=\u00bbright\u00bb i_type=\u00bblinecons\u00bb i_icon_linecons=\u00bbvc_li vc_li-search\u00bb css_animation=\u00bbappear\u00bb add_icon=\u00bbtrue\u00bb link=\u00bburl:http%3A%2F%2Fcopiasinmediatas.com.ar%2Fgigantografiabanners%2F||\u00bb][vc_empty_space height=\u00bb10px\u00bb][\/vc_column][vc_column width=\u00bb1\/3&#8243; css=\u00bb.vc_custom_1465491217576{background-color: #ff5700 !important;}\u00bb][vc_column_text css_animation=\u00bbright-to-left\u00bb]\n<h4 style=\"text-align: center; color: white;\">Escaneo de gran formato<\/h4>\n[\/vc_column_text][vc_column_text css_animation=\u00bbright-to-left\u00bb]\n<p style=\"text-align: center; color: white;\">Ideal para escanear documentos t\u00e9cnicos, planos y mapas&#8230;<\/p>\n[\/vc_column_text][vc_btn title=\u00bbConocer m\u00e1s\u00bb style=\u00bboutline\u00bb shape=\u00bbsquare\u00bb color=\u00bbwhite\u00bb align=\u00bbcenter\u00bb i_align=\u00bbright\u00bb i_type=\u00bblinecons\u00bb i_icon_linecons=\u00bbvc_li vc_li-search\u00bb css_animation=\u00bbappear\u00bb add_icon=\u00bbtrue\u00bb link=\u00bburl:http%3A%2F%2Fcopiasinmediatas.com.ar%2Fescaneo-de-gran-formato%2F||\u00bb][vc_empty_space height=\u00bb10px\u00bb][\/vc_column][\/vc_row][vc_row full_width=\u00bbstretch_row_content_no_spaces\u00bb][vc_column width=\u00bb1\/3&#8243; css=\u00bb.vc_custom_1465491168819{background-color: #00b489 !important;}\u00bb][vc_column_text css_animation=\u00bbright-to-left\u00bb]\n<h4 style=\"text-align: center; color: white;\">Terminaciones<\/h4>\n[\/vc_column_text][vc_column_text css_animation=\u00bbright-to-left\u00bb]\n<p style=\"text-align: center; color: white;\">Encuadernaciones \u2013 Plastificaciones \u2013 Perforado \u2013 M\u00e1s&#8230;<\/p>\n[\/vc_column_text][vc_btn title=\u00bbConocer m\u00e1s\u00bb style=\u00bboutline\u00bb shape=\u00bbsquare\u00bb color=\u00bbwhite\u00bb align=\u00bbcenter\u00bb i_align=\u00bbright\u00bb i_type=\u00bblinecons\u00bb i_icon_linecons=\u00bbvc_li vc_li-search\u00bb css_animation=\u00bbappear\u00bb add_icon=\u00bbtrue\u00bb link=\u00bburl:http%3A%2F%2Fcopiasinmediatas.com.ar%2Fterminaciones%2F||\u00bb][vc_empty_space height=\u00bb10px\u00bb][\/vc_column][vc_column width=\u00bb1\/3&#8243; css=\u00bb.vc_custom_1465490785673{background-color: #02b875 !important;}\u00bb][vc_column_text css_animation=\u00bbright-to-left\u00bb]\n<h4 style=\"text-align: center; color: white;\">Tarjetas personales<\/h4>\n[\/vc_column_text][vc_column_text css_animation=\u00bbright-to-left\u00bb]\n<p style=\"text-align: center; color: white;\">Sin limite de colores o blanco y negro impreso&#8230;.<\/p>\n[\/vc_column_text][vc_btn title=\u00bbConocer m\u00e1s\u00bb style=\u00bboutline\u00bb shape=\u00bbsquare\u00bb color=\u00bbwhite\u00bb align=\u00bbcenter\u00bb i_align=\u00bbright\u00bb i_type=\u00bblinecons\u00bb i_icon_linecons=\u00bbvc_li vc_li-search\u00bb css_animation=\u00bbappear\u00bb add_icon=\u00bbtrue\u00bb link=\u00bburl:http%3A%2F%2Fcopiasinmediatas.com.ar%2Ftarjetas-personales%2F||\u00bb][vc_empty_space height=\u00bb10px\u00bb][\/vc_column][vc_column width=\u00bb1\/3&#8243; css=\u00bb.vc_custom_1465490810902{background-color: #3aaf85 !important;}\u00bb][vc_column_text css_animation=\u00bbright-to-left\u00bb]\n<h4 style=\"text-align: center; color: white;\">Otros servicios<\/h4>\n[\/vc_column_text][vc_column_text css_animation=\u00bbright-to-left\u00bb]\n<p style=\"text-align: center; color: white;\">Grabaci\u00f3n e Impresi\u00f3n de CD &#8211; Copias Xerogr\u00e1ficas&#8230;.<\/p>\n[\/vc_column_text][vc_btn title=\u00bbConocer m\u00e1s\u00bb style=\u00bboutline\u00bb shape=\u00bbsquare\u00bb color=\u00bbwhite\u00bb align=\u00bbcenter\u00bb i_align=\u00bbright\u00bb i_type=\u00bblinecons\u00bb i_icon_linecons=\u00bbvc_li vc_li-search\u00bb css_animation=\u00bbappear\u00bb add_icon=\u00bbtrue\u00bb link=\u00bburl:http%3A%2F%2Fcopiasinmediatas.com.ar%2Fotros-servicios%2F||\u00bb][vc_empty_space height=\u00bb10px\u00bb][\/vc_column][\/vc_row]\n","protected":false},"excerpt":{"rendered":"<p>[vc_row full_width=\u00bbstretch_row_content_no_spaces\u00bb][vc_column][rev_slider_vc alias=\u00bbinicio\u00bb][\/vc_column][\/vc_row][vc_row][vc_column][vc_empty_space height=\u00bb50px\u00bb][vc_custom_heading text=\u00bbCopias Inmediatas es una empresa de reproducci\u00f3n gr\u00e1fica con m\u00e1s de 35 a\u00f1os en el mercado. Clientes corporativos y particulares conf\u00edan en nuestro trabajo y en&#8230;<\/p>\n","protected":false},"author":1,"featured_media":0,"parent":0,"menu_order":0,"comment_status":"closed","ping_status":"closed","template":"","meta":{"footnotes":""},"yoast_head":"<!-- This site is optimized with the Yoast SEO plugin v21.5 - https:\/\/yoast.com\/wordpress\/plugins\/seo\/ -->\n<title>Copias Inmediatas<\/title>\n<meta name=\"description\" content=\"Empresa de reproducci\u00f3n gr\u00e1fica. Clientes corporativos y particulares conf\u00edan en nuestro trabajo y en el compromiso que asumimos ante cada solicitud.\" \/>\n<meta name=\"robots\" content=\"index, follow, max-snippet:-1, max-image-preview:large, max-video-preview:-1\" \/>\n<link rel=\"canonical\" href=\"https:\/\/copiasinmediatas.com.ar\/\" \/>\n<meta property=\"og:locale\" content=\"es_ES\" \/>\n<meta property=\"og:type\" content=\"article\" \/>\n<meta property=\"og:title\" content=\"Copias Inmediatas\" \/>\n<meta property=\"og:description\" content=\"Empresa de reproducci\u00f3n gr\u00e1fica. Clientes corporativos y particulares conf\u00edan en nuestro trabajo y en el compromiso que asumimos ante cada solicitud.\" \/>\n<meta property=\"og:url\" content=\"https:\/\/copiasinmediatas.com.ar\/\" \/>\n<meta property=\"og:site_name\" content=\"Copias Inmediatas\" \/>\n<meta property=\"article:modified_time\" content=\"2016-09-16T17:06:59+00:00\" \/>\n<meta name=\"twitter:card\" content=\"summary_large_image\" \/>\n<meta name=\"twitter:label1\" content=\"Tiempo de lectura\" \/>\n\t<meta name=\"twitter:data1\" content=\"8 minutos\" \/>\n<script type=\"application\/ld+json\" class=\"yoast-schema-graph\">{\"@context\":\"https:\/\/schema.org\",\"@graph\":[{\"@type\":\"WebPage\",\"@id\":\"https:\/\/copiasinmediatas.com.ar\/\",\"url\":\"https:\/\/copiasinmediatas.com.ar\/\",\"name\":\"Copias Inmediatas\",\"isPartOf\":{\"@id\":\"https:\/\/copiasinmediatas.com.ar\/#website\"},\"datePublished\":\"2016-05-03T14:31:59+00:00\",\"dateModified\":\"2016-09-16T17:06:59+00:00\",\"description\":\"Empresa de reproducci\u00f3n gr\u00e1fica. Clientes corporativos y particulares conf\u00edan en nuestro trabajo y en el compromiso que asumimos ante cada solicitud.\",\"breadcrumb\":{\"@id\":\"https:\/\/copiasinmediatas.com.ar\/#breadcrumb\"},\"inLanguage\":\"es\",\"potentialAction\":[{\"@type\":\"ReadAction\",\"target\":[\"https:\/\/copiasinmediatas.com.ar\/\"]}]},{\"@type\":\"BreadcrumbList\",\"@id\":\"https:\/\/copiasinmediatas.com.ar\/#breadcrumb\",\"itemListElement\":[{\"@type\":\"ListItem\",\"position\":1,\"name\":\"Portada\",\"item\":\"https:\/\/copiasinmediatas.com.ar\/\"},{\"@type\":\"ListItem\",\"position\":2,\"name\":\"Inicio\"}]},{\"@type\":\"WebSite\",\"@id\":\"https:\/\/copiasinmediatas.com.ar\/#website\",\"url\":\"https:\/\/copiasinmediatas.com.ar\/\",\"name\":\"Copias Inmediatas\",\"description\":\"\",\"potentialAction\":[{\"@type\":\"SearchAction\",\"target\":{\"@type\":\"EntryPoint\",\"urlTemplate\":\"https:\/\/copiasinmediatas.com.ar\/?s={search_term_string}\"},\"query-input\":\"required name=search_term_string\"}],\"inLanguage\":\"es\"}]}<\/script>\n<!-- \/ Yoast SEO plugin. -->","yoast_head_json":{"title":"Copias Inmediatas","description":"Empresa de reproducci\u00f3n gr\u00e1fica. Clientes corporativos y particulares conf\u00edan en nuestro trabajo y en el compromiso que asumimos ante cada solicitud.","robots":{"index":"index","follow":"follow","max-snippet":"max-snippet:-1","max-image-preview":"max-image-preview:large","max-video-preview":"max-video-preview:-1"},"canonical":"https:\/\/copiasinmediatas.com.ar\/","og_locale":"es_ES","og_type":"article","og_title":"Copias Inmediatas","og_description":"Empresa de reproducci\u00f3n gr\u00e1fica. Clientes corporativos y particulares conf\u00edan en nuestro trabajo y en el compromiso que asumimos ante cada solicitud.","og_url":"https:\/\/copiasinmediatas.com.ar\/","og_site_name":"Copias Inmediatas","article_modified_time":"2016-09-16T17:06:59+00:00","twitter_card":"summary_large_image","twitter_misc":{"Tiempo de lectura":"8 minutos"},"schema":{"@context":"https:\/\/schema.org","@graph":[{"@type":"WebPage","@id":"https:\/\/copiasinmediatas.com.ar\/","url":"https:\/\/copiasinmediatas.com.ar\/","name":"Copias Inmediatas","isPartOf":{"@id":"https:\/\/copiasinmediatas.com.ar\/#website"},"datePublished":"2016-05-03T14:31:59+00:00","dateModified":"2016-09-16T17:06:59+00:00","description":"Empresa de reproducci\u00f3n gr\u00e1fica. Clientes corporativos y particulares conf\u00edan en nuestro trabajo y en el compromiso que asumimos ante cada solicitud.","breadcrumb":{"@id":"https:\/\/copiasinmediatas.com.ar\/#breadcrumb"},"inLanguage":"es","potentialAction":[{"@type":"ReadAction","target":["https:\/\/copiasinmediatas.com.ar\/"]}]},{"@type":"BreadcrumbList","@id":"https:\/\/copiasinmediatas.com.ar\/#breadcrumb","itemListElement":[{"@type":"ListItem","position":1,"name":"Portada","item":"https:\/\/copiasinmediatas.com.ar\/"},{"@type":"ListItem","position":2,"name":"Inicio"}]},{"@type":"WebSite","@id":"https:\/\/copiasinmediatas.com.ar\/#website","url":"https:\/\/copiasinmediatas.com.ar\/","name":"Copias Inmediatas","description":"","potentialAction":[{"@type":"SearchAction","target":{"@type":"EntryPoint","urlTemplate":"https:\/\/copiasinmediatas.com.ar\/?s={search_term_string}"},"query-input":"required name=search_term_string"}],"inLanguage":"es"}]}},"_links":{"self":[{"href":"https:\/\/copiasinmediatas.com.ar\/index.php?rest_route=\/wp\/v2\/pages\/4"}],"collection":[{"href":"https:\/\/copiasinmediatas.com.ar\/index.php?rest_route=\/wp\/v2\/pages"}],"about":[{"href":"https:\/\/copiasinmediatas.com.ar\/index.php?rest_route=\/wp\/v2\/types\/page"}],"author":[{"embeddable":true,"href":"https:\/\/copiasinmediatas.com.ar\/index.php?rest_route=\/wp\/v2\/users\/1"}],"replies":[{"embeddable":true,"href":"https:\/\/copiasinmediatas.com.ar\/index.php?rest_route=%2Fwp%2Fv2%2Fcomments&post=4"}],"version-history":[{"count":207,"href":"https:\/\/copiasinmediatas.com.ar\/index.php?rest_route=\/wp\/v2\/pages\/4\/revisions"}],"predecessor-version":[{"id":2893,"href":"https:\/\/copiasinmediatas.com.ar\/index.php?rest_route=\/wp\/v2\/pages\/4\/revisions\/2893"}],"wp:attachment":[{"href":"https:\/\/copiasinmediatas.com.ar\/index.php?rest_route=%2Fwp%2Fv2%2Fmedia&parent=4"}],"curies":[{"name":"wp","href":"https:\/\/api.w.org\/{rel}","templated":true}]}}