
{"id":2819,"date":"2016-08-17T14:45:26","date_gmt":"2016-08-17T14:45:26","guid":{"rendered":"http:\/\/copiasinmediatas.com.ar\/sitionuevo\/?page_id=2819"},"modified":"2016-08-25T19:32:48","modified_gmt":"2016-08-25T19:32:48","slug":"plotter-de-corte","status":"publish","type":"page","link":"https:\/\/copiasinmediatas.com.ar\/?page_id=2819","title":{"rendered":"Plotter de Corte"},"content":{"rendered":"[vc_row][vc_column][vc_custom_heading text=\u00bbPlotter de Corte\u00bb font_container=\u00bbtag:h1|text_align:center|color:%23000000&#8243; use_theme_fonts=\u00bbyes\u00bb][vc_empty_space height=\u00bb10px\u00bb][vc_column_text]\n<h2 style=\"text-align: center;\">Plotter de corte en CABA y GBA.<\/h2>\n<h4 style=\"text-align: center;\">Te ayudamos a eliminar las muchas horas de trabajo que se emplean cortando con mayor precisi\u00f3n que la mano humana.<\/h4>\n<h4 style=\"text-align: center;\">Nuestra m\u00e1quina de corte a gran escala que puede cortar im\u00e1genes de gran tama\u00f1o (o letras y n\u00fameros). Esto se hace en una sola superficie plana a trav\u00e9s del uso de una cuchilla de corte especializado similar a una pluma de trazado tradicional.<\/h4>\n<h4 style=\"text-align: center;\">Llamanos y ped\u00ed tu presupuesto.<\/h4>\n[\/vc_column_text][\/vc_column][\/vc_row][vc_row][vc_column width=\u00bb1\/3&#8243;][vc_single_image image=\u00bb2846&#8243; alignment=\u00bbcenter\u00bb onclick=\u00bblink_image\u00bb css_animation=\u00bbappear\u00bb][\/vc_column][vc_column width=\u00bb1\/3&#8243;][vc_single_image image=\u00bb2848&#8243; alignment=\u00bbcenter\u00bb onclick=\u00bblink_image\u00bb css_animation=\u00bbappear\u00bb][\/vc_column][vc_column width=\u00bb1\/3&#8243;][vc_single_image image=\u00bb2851&#8243; alignment=\u00bbcenter\u00bb onclick=\u00bblink_image\u00bb css_animation=\u00bbappear\u00bb][\/vc_column][\/vc_row]\n","protected":false},"excerpt":{"rendered":"<p>[vc_row][vc_column][vc_custom_heading text=\u00bbPlotter de Corte\u00bb font_container=\u00bbtag:h1|text_align:center|color:%23000000&#8243; use_theme_fonts=\u00bbyes\u00bb][vc_empty_space height=\u00bb10px\u00bb][vc_column_text] Plotter de corte en CABA y GBA. Te ayudamos a eliminar las muchas horas de trabajo que se emplean cortando con mayor precisi\u00f3n&#8230;<\/p>\n","protected":false},"author":1,"featured_media":0,"parent":0,"menu_order":0,"comment_status":"closed","ping_status":"closed","template":"","meta":{"footnotes":""},"yoast_head":"<!-- This site is optimized with the Yoast SEO plugin v21.5 - https:\/\/yoast.com\/wordpress\/plugins\/seo\/ -->\n<title>Plotter de Corte - Copias Inmediatas<\/title>\n<meta name=\"description\" content=\"Empresa de reproducci\u00f3n gr\u00e1fica. Clientes corporativos y particulares conf\u00edan en nuestro trabajo y en el compromiso que asumimos ante cada solicitud.\" \/>\n<meta name=\"robots\" content=\"index, follow, max-snippet:-1, max-image-preview:large, max-video-preview:-1\" \/>\n<link rel=\"canonical\" href=\"https:\/\/copiasinmediatas.com.ar\/?page_id=2819\" \/>\n<meta property=\"og:locale\" content=\"es_ES\" \/>\n<meta property=\"og:type\" content=\"article\" \/>\n<meta property=\"og:title\" content=\"Plotter de Corte - Copias Inmediatas\" \/>\n<meta property=\"og:description\" content=\"Empresa de reproducci\u00f3n gr\u00e1fica. Clientes corporativos y particulares conf\u00edan en nuestro trabajo y en el compromiso que asumimos ante cada solicitud.\" \/>\n<meta property=\"og:url\" content=\"https:\/\/copiasinmediatas.com.ar\/?page_id=2819\" \/>\n<meta property=\"og:site_name\" content=\"Copias Inmediatas\" \/>\n<meta property=\"article:modified_time\" content=\"2016-08-25T19:32:48+00:00\" \/>\n<meta name=\"twitter:card\" content=\"summary_large_image\" \/>\n<meta name=\"twitter:label1\" content=\"Tiempo de lectura\" \/>\n\t<meta name=\"twitter:data1\" content=\"1 minuto\" \/>\n<script type=\"application\/ld+json\" class=\"yoast-schema-graph\">{\"@context\":\"https:\/\/schema.org\",\"@graph\":[{\"@type\":\"WebPage\",\"@id\":\"https:\/\/copiasinmediatas.com.ar\/?page_id=2819\",\"url\":\"https:\/\/copiasinmediatas.com.ar\/?page_id=2819\",\"name\":\"Plotter de Corte - Copias Inmediatas\",\"isPartOf\":{\"@id\":\"https:\/\/copiasinmediatas.com.ar\/#website\"},\"datePublished\":\"2016-08-17T14:45:26+00:00\",\"dateModified\":\"2016-08-25T19:32:48+00:00\",\"description\":\"Empresa de reproducci\u00f3n gr\u00e1fica. Clientes corporativos y particulares conf\u00edan en nuestro trabajo y en el compromiso que asumimos ante cada solicitud.\",\"breadcrumb\":{\"@id\":\"https:\/\/copiasinmediatas.com.ar\/?page_id=2819#breadcrumb\"},\"inLanguage\":\"es\",\"potentialAction\":[{\"@type\":\"ReadAction\",\"target\":[\"https:\/\/copiasinmediatas.com.ar\/?page_id=2819\"]}]},{\"@type\":\"BreadcrumbList\",\"@id\":\"https:\/\/copiasinmediatas.com.ar\/?page_id=2819#breadcrumb\",\"itemListElement\":[{\"@type\":\"ListItem\",\"position\":1,\"name\":\"Portada\",\"item\":\"https:\/\/copiasinmediatas.com.ar\/\"},{\"@type\":\"ListItem\",\"position\":2,\"name\":\"Plotter de Corte\"}]},{\"@type\":\"WebSite\",\"@id\":\"https:\/\/copiasinmediatas.com.ar\/#website\",\"url\":\"https:\/\/copiasinmediatas.com.ar\/\",\"name\":\"Copias Inmediatas\",\"description\":\"\",\"potentialAction\":[{\"@type\":\"SearchAction\",\"target\":{\"@type\":\"EntryPoint\",\"urlTemplate\":\"https:\/\/copiasinmediatas.com.ar\/?s={search_term_string}\"},\"query-input\":\"required name=search_term_string\"}],\"inLanguage\":\"es\"}]}<\/script>\n<!-- \/ Yoast SEO plugin. -->","yoast_head_json":{"title":"Plotter de Corte - Copias Inmediatas","description":"Empresa de reproducci\u00f3n gr\u00e1fica. Clientes corporativos y particulares conf\u00edan en nuestro trabajo y en el compromiso que asumimos ante cada solicitud.","robots":{"index":"index","follow":"follow","max-snippet":"max-snippet:-1","max-image-preview":"max-image-preview:large","max-video-preview":"max-video-preview:-1"},"canonical":"https:\/\/copiasinmediatas.com.ar\/?page_id=2819","og_locale":"es_ES","og_type":"article","og_title":"Plotter de Corte - Copias Inmediatas","og_description":"Empresa de reproducci\u00f3n gr\u00e1fica. Clientes corporativos y particulares conf\u00edan en nuestro trabajo y en el compromiso que asumimos ante cada solicitud.","og_url":"https:\/\/copiasinmediatas.com.ar\/?page_id=2819","og_site_name":"Copias Inmediatas","article_modified_time":"2016-08-25T19:32:48+00:00","twitter_card":"summary_large_image","twitter_misc":{"Tiempo de lectura":"1 minuto"},"schema":{"@context":"https:\/\/schema.org","@graph":[{"@type":"WebPage","@id":"https:\/\/copiasinmediatas.com.ar\/?page_id=2819","url":"https:\/\/copiasinmediatas.com.ar\/?page_id=2819","name":"Plotter de Corte - Copias Inmediatas","isPartOf":{"@id":"https:\/\/copiasinmediatas.com.ar\/#website"},"datePublished":"2016-08-17T14:45:26+00:00","dateModified":"2016-08-25T19:32:48+00:00","description":"Empresa de reproducci\u00f3n gr\u00e1fica. Clientes corporativos y particulares conf\u00edan en nuestro trabajo y en el compromiso que asumimos ante cada solicitud.","breadcrumb":{"@id":"https:\/\/copiasinmediatas.com.ar\/?page_id=2819#breadcrumb"},"inLanguage":"es","potentialAction":[{"@type":"ReadAction","target":["https:\/\/copiasinmediatas.com.ar\/?page_id=2819"]}]},{"@type":"BreadcrumbList","@id":"https:\/\/copiasinmediatas.com.ar\/?page_id=2819#breadcrumb","itemListElement":[{"@type":"ListItem","position":1,"name":"Portada","item":"https:\/\/copiasinmediatas.com.ar\/"},{"@type":"ListItem","position":2,"name":"Plotter de Corte"}]},{"@type":"WebSite","@id":"https:\/\/copiasinmediatas.com.ar\/#website","url":"https:\/\/copiasinmediatas.com.ar\/","name":"Copias Inmediatas","description":"","potentialAction":[{"@type":"SearchAction","target":{"@type":"EntryPoint","urlTemplate":"https:\/\/copiasinmediatas.com.ar\/?s={search_term_string}"},"query-input":"required name=search_term_string"}],"inLanguage":"es"}]}},"_links":{"self":[{"href":"https:\/\/copiasinmediatas.com.ar\/index.php?rest_route=\/wp\/v2\/pages\/2819"}],"collection":[{"href":"https:\/\/copiasinmediatas.com.ar\/index.php?rest_route=\/wp\/v2\/pages"}],"about":[{"href":"https:\/\/copiasinmediatas.com.ar\/index.php?rest_route=\/wp\/v2\/types\/page"}],"author":[{"embeddable":true,"href":"https:\/\/copiasinmediatas.com.ar\/index.php?rest_route=\/wp\/v2\/users\/1"}],"replies":[{"embeddable":true,"href":"https:\/\/copiasinmediatas.com.ar\/index.php?rest_route=%2Fwp%2Fv2%2Fcomments&post=2819"}],"version-history":[{"count":5,"href":"https:\/\/copiasinmediatas.com.ar\/index.php?rest_route=\/wp\/v2\/pages\/2819\/revisions"}],"predecessor-version":[{"id":2859,"href":"https:\/\/copiasinmediatas.com.ar\/index.php?rest_route=\/wp\/v2\/pages\/2819\/revisions\/2859"}],"wp:attachment":[{"href":"https:\/\/copiasinmediatas.com.ar\/index.php?rest_route=%2Fwp%2Fv2%2Fmedia&parent=2819"}],"curies":[{"name":"wp","href":"https:\/\/api.w.org\/{rel}","templated":true}]}}