
{"id":174,"date":"2016-05-24T15:12:41","date_gmt":"2016-05-24T15:12:41","guid":{"rendered":"http:\/\/copiasinmediatas.com.ar\/sitionuevo\/?page_id=174"},"modified":"2023-11-15T14:35:39","modified_gmt":"2023-11-15T14:35:39","slug":"escaneo-de-gran-formato","status":"publish","type":"page","link":"https:\/\/copiasinmediatas.com.ar\/?page_id=174","title":{"rendered":"Escaneo de gran formato"},"content":{"rendered":"[vc_row][vc_column][vc_custom_heading text=\u00bbEscaneo de gran formato\u00bb font_container=\u00bbtag:h1|text_align:center|color:%23000000&#8243; use_theme_fonts=\u00bbyes\u00bb][vc_empty_space height=\u00bb10px\u00bb][vc_column_text]\n<h2 style=\"text-align: center;\">Ideal para escanear documentos t\u00e9cnicos, planos y mapas.<\/h2>\n<h4 style=\"text-align: center;\">Es la opci\u00f3n de bajo costo para escanear, copiar y digitalizar formato amplio.<\/h4>\n<h4 style=\"text-align: center;\">Contamos con un sistema de digitalizacion rotativo que permite transformar tus orginiales de gran tama\u00f1o en archivos digitales. De esta forma podras preservar la integridad de tus orginiales.<\/h4>\n<h4 style=\"text-align: center;\">Nuestro scanner de ultima generacion recibe hasta un ancho de 90 cm de largo continuo.<\/h4>\n[\/vc_column_text][vc_empty_space height=\u00bb25px\u00bb][vc_row_inner][vc_column_inner width=\u00bb1\/3&#8243;][vc_single_image image=\u00bb2772&#8243; img_size=\u00bbmedium\u00bb alignment=\u00bbcenter\u00bb onclick=\u00bblink_image\u00bb css_animation=\u00bbappear\u00bb][\/vc_column_inner][vc_column_inner width=\u00bb1\/3&#8243;][\/vc_column_inner][vc_column_inner width=\u00bb1\/3&#8243;][vc_single_image image=\u00bb2841&#8243; img_size=\u00bbmedium\u00bb alignment=\u00bbcenter\u00bb onclick=\u00bblink_image\u00bb css_animation=\u00bbappear\u00bb][\/vc_column_inner][\/vc_row_inner][\/vc_column][\/vc_row]\n","protected":false},"excerpt":{"rendered":"<p>[vc_row][vc_column][vc_custom_heading text=\u00bbEscaneo de gran formato\u00bb font_container=\u00bbtag:h1|text_align:center|color:%23000000&#8243; use_theme_fonts=\u00bbyes\u00bb][vc_empty_space height=\u00bb10px\u00bb][vc_column_text] Ideal para escanear documentos t\u00e9cnicos, planos y mapas. Es la opci\u00f3n de bajo costo para escanear, copiar y digitalizar formato amplio. Contamos&#8230;<\/p>\n","protected":false},"author":1,"featured_media":0,"parent":0,"menu_order":0,"comment_status":"closed","ping_status":"open","template":"","meta":{"footnotes":""},"yoast_head":"<!-- This site is optimized with the Yoast SEO plugin v21.5 - https:\/\/yoast.com\/wordpress\/plugins\/seo\/ -->\n<title>Escaneo de gran formato - Copias Inmediatas<\/title>\n<meta name=\"description\" content=\"Empresa de reproducci\u00f3n gr\u00e1fica. Clientes corporativos y particulares conf\u00edan en nuestro trabajo y en el compromiso que asumimos ante cada solicitud.\" \/>\n<meta name=\"robots\" content=\"index, follow, max-snippet:-1, max-image-preview:large, max-video-preview:-1\" \/>\n<link rel=\"canonical\" href=\"https:\/\/copiasinmediatas.com.ar\/?page_id=174\" \/>\n<meta property=\"og:locale\" content=\"es_ES\" \/>\n<meta property=\"og:type\" content=\"article\" \/>\n<meta property=\"og:title\" content=\"Escaneo de gran formato - Copias Inmediatas\" \/>\n<meta property=\"og:description\" content=\"Empresa de reproducci\u00f3n gr\u00e1fica. Clientes corporativos y particulares conf\u00edan en nuestro trabajo y en el compromiso que asumimos ante cada solicitud.\" \/>\n<meta property=\"og:url\" content=\"https:\/\/copiasinmediatas.com.ar\/?page_id=174\" \/>\n<meta property=\"og:site_name\" content=\"Copias Inmediatas\" \/>\n<meta property=\"article:modified_time\" content=\"2023-11-15T14:35:39+00:00\" \/>\n<meta name=\"twitter:card\" content=\"summary_large_image\" \/>\n<meta name=\"twitter:label1\" content=\"Tiempo de lectura\" \/>\n\t<meta name=\"twitter:data1\" content=\"1 minuto\" \/>\n<script type=\"application\/ld+json\" class=\"yoast-schema-graph\">{\"@context\":\"https:\/\/schema.org\",\"@graph\":[{\"@type\":\"WebPage\",\"@id\":\"https:\/\/copiasinmediatas.com.ar\/?page_id=174\",\"url\":\"https:\/\/copiasinmediatas.com.ar\/?page_id=174\",\"name\":\"Escaneo de gran formato - Copias Inmediatas\",\"isPartOf\":{\"@id\":\"https:\/\/copiasinmediatas.com.ar\/#website\"},\"datePublished\":\"2016-05-24T15:12:41+00:00\",\"dateModified\":\"2023-11-15T14:35:39+00:00\",\"description\":\"Empresa de reproducci\u00f3n gr\u00e1fica. Clientes corporativos y particulares conf\u00edan en nuestro trabajo y en el compromiso que asumimos ante cada solicitud.\",\"breadcrumb\":{\"@id\":\"https:\/\/copiasinmediatas.com.ar\/?page_id=174#breadcrumb\"},\"inLanguage\":\"es\",\"potentialAction\":[{\"@type\":\"ReadAction\",\"target\":[\"https:\/\/copiasinmediatas.com.ar\/?page_id=174\"]}]},{\"@type\":\"BreadcrumbList\",\"@id\":\"https:\/\/copiasinmediatas.com.ar\/?page_id=174#breadcrumb\",\"itemListElement\":[{\"@type\":\"ListItem\",\"position\":1,\"name\":\"Portada\",\"item\":\"https:\/\/copiasinmediatas.com.ar\/\"},{\"@type\":\"ListItem\",\"position\":2,\"name\":\"Escaneo de gran formato\"}]},{\"@type\":\"WebSite\",\"@id\":\"https:\/\/copiasinmediatas.com.ar\/#website\",\"url\":\"https:\/\/copiasinmediatas.com.ar\/\",\"name\":\"Copias Inmediatas\",\"description\":\"\",\"potentialAction\":[{\"@type\":\"SearchAction\",\"target\":{\"@type\":\"EntryPoint\",\"urlTemplate\":\"https:\/\/copiasinmediatas.com.ar\/?s={search_term_string}\"},\"query-input\":\"required name=search_term_string\"}],\"inLanguage\":\"es\"}]}<\/script>\n<!-- \/ Yoast SEO plugin. -->","yoast_head_json":{"title":"Escaneo de gran formato - Copias Inmediatas","description":"Empresa de reproducci\u00f3n gr\u00e1fica. Clientes corporativos y particulares conf\u00edan en nuestro trabajo y en el compromiso que asumimos ante cada solicitud.","robots":{"index":"index","follow":"follow","max-snippet":"max-snippet:-1","max-image-preview":"max-image-preview:large","max-video-preview":"max-video-preview:-1"},"canonical":"https:\/\/copiasinmediatas.com.ar\/?page_id=174","og_locale":"es_ES","og_type":"article","og_title":"Escaneo de gran formato - Copias Inmediatas","og_description":"Empresa de reproducci\u00f3n gr\u00e1fica. Clientes corporativos y particulares conf\u00edan en nuestro trabajo y en el compromiso que asumimos ante cada solicitud.","og_url":"https:\/\/copiasinmediatas.com.ar\/?page_id=174","og_site_name":"Copias Inmediatas","article_modified_time":"2023-11-15T14:35:39+00:00","twitter_card":"summary_large_image","twitter_misc":{"Tiempo de lectura":"1 minuto"},"schema":{"@context":"https:\/\/schema.org","@graph":[{"@type":"WebPage","@id":"https:\/\/copiasinmediatas.com.ar\/?page_id=174","url":"https:\/\/copiasinmediatas.com.ar\/?page_id=174","name":"Escaneo de gran formato - Copias Inmediatas","isPartOf":{"@id":"https:\/\/copiasinmediatas.com.ar\/#website"},"datePublished":"2016-05-24T15:12:41+00:00","dateModified":"2023-11-15T14:35:39+00:00","description":"Empresa de reproducci\u00f3n gr\u00e1fica. Clientes corporativos y particulares conf\u00edan en nuestro trabajo y en el compromiso que asumimos ante cada solicitud.","breadcrumb":{"@id":"https:\/\/copiasinmediatas.com.ar\/?page_id=174#breadcrumb"},"inLanguage":"es","potentialAction":[{"@type":"ReadAction","target":["https:\/\/copiasinmediatas.com.ar\/?page_id=174"]}]},{"@type":"BreadcrumbList","@id":"https:\/\/copiasinmediatas.com.ar\/?page_id=174#breadcrumb","itemListElement":[{"@type":"ListItem","position":1,"name":"Portada","item":"https:\/\/copiasinmediatas.com.ar\/"},{"@type":"ListItem","position":2,"name":"Escaneo de gran formato"}]},{"@type":"WebSite","@id":"https:\/\/copiasinmediatas.com.ar\/#website","url":"https:\/\/copiasinmediatas.com.ar\/","name":"Copias Inmediatas","description":"","potentialAction":[{"@type":"SearchAction","target":{"@type":"EntryPoint","urlTemplate":"https:\/\/copiasinmediatas.com.ar\/?s={search_term_string}"},"query-input":"required name=search_term_string"}],"inLanguage":"es"}]}},"_links":{"self":[{"href":"https:\/\/copiasinmediatas.com.ar\/index.php?rest_route=\/wp\/v2\/pages\/174"}],"collection":[{"href":"https:\/\/copiasinmediatas.com.ar\/index.php?rest_route=\/wp\/v2\/pages"}],"about":[{"href":"https:\/\/copiasinmediatas.com.ar\/index.php?rest_route=\/wp\/v2\/types\/page"}],"author":[{"embeddable":true,"href":"https:\/\/copiasinmediatas.com.ar\/index.php?rest_route=\/wp\/v2\/users\/1"}],"replies":[{"embeddable":true,"href":"https:\/\/copiasinmediatas.com.ar\/index.php?rest_route=%2Fwp%2Fv2%2Fcomments&post=174"}],"version-history":[{"count":8,"href":"https:\/\/copiasinmediatas.com.ar\/index.php?rest_route=\/wp\/v2\/pages\/174\/revisions"}],"predecessor-version":[{"id":2912,"href":"https:\/\/copiasinmediatas.com.ar\/index.php?rest_route=\/wp\/v2\/pages\/174\/revisions\/2912"}],"wp:attachment":[{"href":"https:\/\/copiasinmediatas.com.ar\/index.php?rest_route=%2Fwp%2Fv2%2Fmedia&parent=174"}],"curies":[{"name":"wp","href":"https:\/\/api.w.org\/{rel}","templated":true}]}}